{"id":1925,"date":"2021-01-08T15:04:51","date_gmt":"2021-01-08T14:04:51","guid":{"rendered":"http:\/\/previewcswepion.34.77.92.31.xip.io\/?page_id=1925"},"modified":"2025-01-22T00:09:12","modified_gmt":"2025-01-21T23:09:12","slug":"lecole-des-jeunes","status":"publish","type":"page","link":"https:\/\/www.footwepion.be\/index.php\/lecole-des-jeunes\/","title":{"rendered":"L&rsquo;\u00e9cole des jeunes"},"content":{"rendered":"\t\t<div data-elementor-type=\"wp-page\" data-elementor-id=\"1925\" class=\"elementor elementor-1925\">\n\t\t\t\t\t\t<div class=\"elementor-inner\">\n\t\t\t\t<div class=\"elementor-section-wrap\">\n\t\t\t\t\t\t\t\t\t<section class=\"elementor-section elementor-top-section elementor-element elementor-element-61efa7c8 elementor-section-boxed elementor-section-height-default elementor-section-height-default\" data-id=\"61efa7c8\" data-element_type=\"section\">\n\t\t\t\t\t\t<div class=\"elementor-container elementor-column-gap-default\">\n\t\t\t\t\t\t\t<div class=\"elementor-row\">\n\t\t\t\t\t<div class=\"elementor-column elementor-col-100 elementor-top-column elementor-element elementor-element-77453d22\" data-id=\"77453d22\" data-element_type=\"column\">\n\t\t\t<div class=\"elementor-column-wrap elementor-element-populated\">\n\t\t\t\t\t\t\t<div class=\"elementor-widget-wrap\">\n\t\t\t\t\t\t<div class=\"elementor-element elementor-element-597d1e83 elementor-widget elementor-widget-text-editor\" data-id=\"597d1e83\" data-element_type=\"widget\" data-widget_type=\"text-editor.default\">\n\t\t\t\t<div class=\"elementor-widget-container\">\n\t\t\t\t\t\t\t\t<div class=\"elementor-text-editor elementor-clearfix\">\n\t\t\t\t<p><span style=\"vertical-align: inherit;\"><span style=\"vertical-align: inherit;\"><span style=\"vertical-align: inherit;\"><span style=\"vertical-align: inherit;\"><span style=\"vertical-align: inherit;\"><span style=\"vertical-align: inherit;\"><span style=\"vertical-align: inherit;\"><span style=\"vertical-align: inherit;\"><img loading=\"lazy\" decoding=\"async\" src=\"https:\/\/www.footwepion.be\/wp-content\/uploads\/2020\/12\/download-1-150x150.jpg\" alt=\"\" width=\"150\" height=\"150\" \/><\/span><\/span><\/span><\/span><\/span><\/span><\/span><\/span><\/p>\n<p><span style=\"vertical-align: inherit;\"><span style=\"vertical-align: inherit;\"><span style=\"vertical-align: inherit;\"><span style=\"vertical-align: inherit;\"><span style=\"vertical-align: inherit;\"><span style=\"vertical-align: inherit;\"><span style=\"vertical-align: inherit;\"><span style=\"vertical-align: inherit;\">Tu as 5 ans ou plus et tu as envie de pratiquer le football? <\/span><\/span><\/span><\/span><\/span><span style=\"vertical-align: inherit;\"><span style=\"vertical-align: inherit;\"><span style=\"vertical-align: inherit;\"><span style=\"vertical-align: inherit;\"><span style=\"vertical-align: inherit;\">Alors, rejoins-nous au CS WEPION (Chemin du Bienvenu 1 \u00e0 5100 W\u00e9pion).<\/span><\/span><\/span><\/span><\/span><\/span><\/span><\/span><\/p>\n<p><strong><span style=\"vertical-align: inherit;\"><span style=\"vertical-align: inherit;\"><span style=\"vertical-align: inherit;\"><span style=\"vertical-align: inherit;\"><span style=\"vertical-align: inherit;\"><span style=\"vertical-align: inherit;\"><span style=\"vertical-align: inherit;\"><span style=\"vertical-align: inherit;\">Tu y d\u00e9couvriras:<\/span><\/span><\/span><\/span><\/span><\/span><\/span><\/span><\/strong><\/p>\n<ul>\n<li><span style=\"vertical-align: inherit;\"><span style=\"vertical-align: inherit;\"><span style=\"vertical-align: inherit;\"><span style=\"vertical-align: inherit;\"><span style=\"vertical-align: inherit;\"><span style=\"vertical-align: inherit;\">3 surfaces de jeu<\/span><\/span><\/span><\/span><\/span><\/span><\/li>\n<li><span style=\"vertical-align: inherit;\"><span style=\"vertical-align: inherit;\"><span style=\"vertical-align: inherit;\"><span style=\"vertical-align: inherit;\"><span style=\"vertical-align: inherit;\"><span style=\"vertical-align: inherit;\">1 terrain synth\u00e9tique<\/span><\/span><\/span><\/span><\/span><\/span><\/li>\n<li><span style=\"vertical-align: inherit;\"><span style=\"vertical-align: inherit;\"><span style=\"vertical-align: inherit;\"><span style=\"vertical-align: inherit;\"><span style=\"vertical-align: inherit;\"><span style=\"vertical-align: inherit;\">de superbes installations<\/span><\/span><\/span><\/span><\/span><\/span><\/li>\n<li><span style=\"vertical-align: inherit;\"><span style=\"vertical-align: inherit;\"><span style=\"vertical-align: inherit;\"><span style=\"vertical-align: inherit;\"><span style=\"vertical-align: inherit;\"><span style=\"vertical-align: inherit;\">un club labellis\u00e9 1 \u00e9toile par l&rsquo;ACFF<\/span><\/span><\/span><\/span><\/span><\/span><\/li>\n<li><span style=\"vertical-align: inherit;\"><span style=\"vertical-align: inherit;\"><span style=\"vertical-align: inherit;\"><span style=\"vertical-align: inherit;\"><span style=\"vertical-align: inherit;\"><span style=\"vertical-align: inherit;\">des formateurs dipl\u00f4m\u00e9s<\/span><\/span><\/span><\/span><\/span><\/span><\/li>\n<li><span style=\"vertical-align: inherit;\"><span style=\"vertical-align: inherit;\"><span style=\"vertical-align: inherit;\"><span style=\"vertical-align: inherit;\"><span style=\"vertical-align: inherit;\"><span style=\"vertical-align: inherit;\">une \u00e9quipe d&rsquo;encadrement sympathique et dynamique<\/span><\/span><\/span><\/span><\/span><\/span><\/li>\n<\/ul>\n<p><span style=\"vertical-align: inherit;\"><span style=\"vertical-align: inherit;\"><span style=\"vertical-align: inherit;\"><span style=\"vertical-align: inherit;\"><span style=\"vertical-align: inherit;\"><span style=\"vertical-align: inherit;\">Tu peux visiter notre site internet <\/span><\/span><\/span><\/span><span style=\"vertical-align: inherit;\"><span style=\"vertical-align: inherit;\"><a href=\"https:\/\/www.footwepion.be\"><span style=\"vertical-align: inherit;\"><span style=\"vertical-align: inherit;\">https:\/\/www.cswepion.be<\/span><\/span><\/a><span style=\"vertical-align: inherit;\"><span style=\"vertical-align: inherit;\"> et y d\u00e9couvrir plein d&rsquo;infos sympas, des \u00e9v\u00e9nements futurs, des photos de nos stages &#8230;<\/span><\/span><\/span><\/span><\/span><\/span><\/p>\n<p><span style=\"vertical-align: inherit;\"><span style=\"vertical-align: inherit;\"><span style=\"vertical-align: inherit;\"><span style=\"vertical-align: inherit;\"><span style=\"vertical-align: inherit;\"><span style=\"vertical-align: inherit;\">Tu peux aussi nous contacter par t\u00e9l\u00e9phone ou mail: <\/span><\/span><\/span><\/span><\/span><\/span><br \/><span style=\"vertical-align: inherit;\"><span style=\"vertical-align: inherit;\"><span style=\"vertical-align: inherit;\"><span style=\"vertical-align: inherit;\"><span style=\"vertical-align: inherit;\"><span style=\"vertical-align: inherit;\">&#8211; <\/span><\/span><\/span><\/span><strong><span style=\"vertical-align: inherit;\"><span style=\"vertical-align: inherit;\"><span style=\"vertical-align: inherit;\"><span style=\"vertical-align: inherit;\">Coordinateur sportif:<\/span><\/span><\/span><\/span><\/strong><span style=\"vertical-align: inherit;\"><span style=\"vertical-align: inherit;\"><span style=\"vertical-align: inherit;\"><span style=\"vertical-align: inherit;\"> Sami ROELS (0472\/500 02 40 &#8211; roels.sami@hotmail.be) <\/span><\/span><\/span><\/span><\/span><\/span><br \/><span style=\"vertical-align: inherit;\"><span style=\"vertical-align: inherit;\"><span style=\"vertical-align: inherit;\"><span style=\"vertical-align: inherit;\"><span style=\"vertical-align: inherit;\"><span style=\"vertical-align: inherit;\">&#8211; <\/span><\/span><\/span><\/span><strong><span style=\"vertical-align: inherit;\"><span style=\"vertical-align: inherit;\"><span style=\"vertical-align: inherit;\"><span style=\"vertical-align: inherit;\">Pour le comit\u00e9:<\/span><\/span><\/span><\/span><\/strong><span style=\"vertical-align: inherit;\"><span style=\"vertical-align: inherit;\"><span style=\"vertical-align: inherit;\"><span style=\"vertical-align: inherit;\"> Benoit ROELS (0474\/89 21 70 &#8211; roels.benoit@hotmail.com)<\/span><\/span><\/span><\/span><\/span><\/span><\/p>\n<p><span style=\"vertical-align: inherit;\"><span style=\"vertical-align: inherit;\"><span style=\"vertical-align: inherit;\"><span style=\"vertical-align: inherit;\"><span style=\"vertical-align: inherit;\"><span style=\"vertical-align: inherit;\">A tr\u00e8s bient\u00f4t<\/span><\/span><\/span><\/span><\/span><\/span><\/p>\n<p><!-- \/wp:paragraph --><\/p>\n<div data-extension-version=\"1.0.4\">\u00a0<\/div>\n<div data-extension-version=\"1.0.4\">\u00a0<\/div>\t\t\t\t\t<\/div>\n\t\t\t\t\t\t<\/div>\n\t\t\t\t<\/div>\n\t\t\t\t\t\t<\/div>\n\t\t\t\t\t<\/div>\n\t\t<\/div>\n\t\t\t\t\t\t\t\t<\/div>\n\t\t\t\t\t<\/div>\n\t\t<\/section>\n\t\t\t\t\t\t\t\t\t<\/div>\n\t\t\t<\/div>\n\t\t\t\t\t<\/div>\n\t\t","protected":false},"excerpt":{"rendered":"<p>Tu as 5 ans ou plus et tu as envie de pratiquer le football? Alors, rejoins-nous au CS WEPION (Chemin du Bienvenu 1 \u00e0 5100 W\u00e9pion). Tu y d\u00e9couvriras: 3 surfaces de jeu 1 terrain synth\u00e9tique de superbes installations un club labellis\u00e9 1 \u00e9toile par l&rsquo;ACFF des formateurs dipl\u00f4m\u00e9s une \u00e9quipe d&rsquo;encadrement sympathique et dynamique Tu peux visiter notre site internet https:\/\/www.cswepion.be et y d\u00e9couvrir plein d&rsquo;infos sympas, des \u00e9v\u00e9nements futurs, des photos de nos stages &#8230; Tu peux aussi nous contacter par t\u00e9l\u00e9phone ou mail: &#8211; Coordinateur sportif: Sami ROELS (0472\/500 02 40 &#8211; roels.sami@hotmail.be) &#8211; Pour le comit\u00e9:&#8230; <\/p>\n","protected":false},"author":2,"featured_media":0,"parent":0,"menu_order":0,"comment_status":"closed","ping_status":"closed","template":"","meta":{"footnotes":""},"class_list":["post-1925","page","type-page","status-publish","hentry"],"aioseo_notices":[],"yoast_head":"<!-- This site is optimized with the Yoast SEO plugin v24.2 - https:\/\/yoast.com\/wordpress\/plugins\/seo\/ -->\n<title>L&#039;\u00e9cole des jeunes - cswepion.be<\/title>\n<meta name=\"robots\" content=\"index, follow, max-snippet:-1, max-image-preview:large, max-video-preview:-1\" \/>\n<link rel=\"canonical\" href=\"https:\/\/www.footwepion.be\/index.php\/lecole-des-jeunes\/\" \/>\n<meta property=\"og:locale\" content=\"fr_FR\" \/>\n<meta property=\"og:type\" content=\"article\" \/>\n<meta property=\"og:title\" content=\"L&#039;\u00e9cole des jeunes - cswepion.be\" \/>\n<meta property=\"og:description\" content=\"Tu as 5 ans ou plus et tu as envie de pratiquer le football? Alors, rejoins-nous au CS WEPION (Chemin du Bienvenu 1 \u00e0 5100 W\u00e9pion). Tu y d\u00e9couvriras: 3 surfaces de jeu 1 terrain synth\u00e9tique de superbes installations un club labellis\u00e9 1 \u00e9toile par l&rsquo;ACFF des formateurs dipl\u00f4m\u00e9s une \u00e9quipe d&rsquo;encadrement sympathique et dynamique Tu peux visiter notre site internet https:\/\/www.cswepion.be et y d\u00e9couvrir plein d&rsquo;infos sympas, des \u00e9v\u00e9nements futurs, des photos de nos stages &#8230; Tu peux aussi nous contacter par t\u00e9l\u00e9phone ou mail: &#8211; Coordinateur sportif: Sami ROELS (0472\/500 02 40 &#8211; roels.sami@hotmail.be) &#8211; Pour le comit\u00e9:...\" \/>\n<meta property=\"og:url\" content=\"https:\/\/www.footwepion.be\/index.php\/lecole-des-jeunes\/\" \/>\n<meta property=\"og:site_name\" content=\"cswepion.be\" \/>\n<meta property=\"article:publisher\" content=\"https:\/\/www.facebook.com\/groups\/643727476030073\" \/>\n<meta property=\"article:modified_time\" content=\"2025-01-21T23:09:12+00:00\" \/>\n<meta property=\"og:image\" content=\"https:\/\/www.footwepion.be\/wp-content\/uploads\/2020\/12\/download-1-150x150.jpg\" \/>\n<meta name=\"twitter:card\" content=\"summary_large_image\" \/>\n<meta name=\"twitter:label1\" content=\"Dur\u00e9e de lecture estim\u00e9e\" \/>\n\t<meta name=\"twitter:data1\" content=\"1 minute\" \/>\n<script type=\"application\/ld+json\" class=\"yoast-schema-graph\">{\"@context\":\"https:\/\/schema.org\",\"@graph\":[{\"@type\":\"WebPage\",\"@id\":\"https:\/\/www.footwepion.be\/index.php\/lecole-des-jeunes\/\",\"url\":\"https:\/\/www.footwepion.be\/index.php\/lecole-des-jeunes\/\",\"name\":\"L'\u00e9cole des jeunes - cswepion.be\",\"isPartOf\":{\"@id\":\"https:\/\/www.footwepion.be\/#website\"},\"primaryImageOfPage\":{\"@id\":\"https:\/\/www.footwepion.be\/index.php\/lecole-des-jeunes\/#primaryimage\"},\"image\":{\"@id\":\"https:\/\/www.footwepion.be\/index.php\/lecole-des-jeunes\/#primaryimage\"},\"thumbnailUrl\":\"https:\/\/www.footwepion.be\/wp-content\/uploads\/2020\/12\/download-1-150x150.jpg\",\"datePublished\":\"2021-01-08T14:04:51+00:00\",\"dateModified\":\"2025-01-21T23:09:12+00:00\",\"breadcrumb\":{\"@id\":\"https:\/\/www.footwepion.be\/index.php\/lecole-des-jeunes\/#breadcrumb\"},\"inLanguage\":\"fr-FR\",\"potentialAction\":[{\"@type\":\"ReadAction\",\"target\":[\"https:\/\/www.footwepion.be\/index.php\/lecole-des-jeunes\/\"]}]},{\"@type\":\"ImageObject\",\"inLanguage\":\"fr-FR\",\"@id\":\"https:\/\/www.footwepion.be\/index.php\/lecole-des-jeunes\/#primaryimage\",\"url\":\"https:\/\/www.footwepion.be\/wp-content\/uploads\/2020\/12\/download-1-150x150.jpg\",\"contentUrl\":\"https:\/\/www.footwepion.be\/wp-content\/uploads\/2020\/12\/download-1-150x150.jpg\"},{\"@type\":\"BreadcrumbList\",\"@id\":\"https:\/\/www.footwepion.be\/index.php\/lecole-des-jeunes\/#breadcrumb\",\"itemListElement\":[{\"@type\":\"ListItem\",\"position\":1,\"name\":\"Accueil\",\"item\":\"https:\/\/www.footwepion.be\/\"},{\"@type\":\"ListItem\",\"position\":2,\"name\":\"L&rsquo;\u00e9cole des jeunes\"}]},{\"@type\":\"WebSite\",\"@id\":\"https:\/\/www.footwepion.be\/#website\",\"url\":\"https:\/\/www.footwepion.be\/\",\"name\":\"CS W\u00e9pion\",\"description\":\"\",\"publisher\":{\"@id\":\"https:\/\/www.footwepion.be\/#organization\"},\"potentialAction\":[{\"@type\":\"SearchAction\",\"target\":{\"@type\":\"EntryPoint\",\"urlTemplate\":\"https:\/\/www.footwepion.be\/?s={search_term_string}\"},\"query-input\":{\"@type\":\"PropertyValueSpecification\",\"valueRequired\":true,\"valueName\":\"search_term_string\"}}],\"inLanguage\":\"fr-FR\"},{\"@type\":\"Organization\",\"@id\":\"https:\/\/www.footwepion.be\/#organization\",\"name\":\"Cs W\u00e9pionnaise asbl\",\"url\":\"https:\/\/www.footwepion.be\/\",\"logo\":{\"@type\":\"ImageObject\",\"inLanguage\":\"fr-FR\",\"@id\":\"https:\/\/www.footwepion.be\/#\/schema\/logo\/image\/\",\"url\":\"https:\/\/www.footwepion.be\/wp-content\/uploads\/2021\/01\/download-1.jpg\",\"contentUrl\":\"https:\/\/www.footwepion.be\/wp-content\/uploads\/2021\/01\/download-1.jpg\",\"width\":225,\"height\":225,\"caption\":\"Cs W\u00e9pionnaise asbl\"},\"image\":{\"@id\":\"https:\/\/www.footwepion.be\/#\/schema\/logo\/image\/\"},\"sameAs\":[\"https:\/\/www.facebook.com\/groups\/643727476030073\"]}]}<\/script>\n<!-- \/ Yoast SEO plugin. -->","yoast_head_json":{"title":"L'\u00e9cole des jeunes - cswepion.be","robots":{"index":"index","follow":"follow","max-snippet":"max-snippet:-1","max-image-preview":"max-image-preview:large","max-video-preview":"max-video-preview:-1"},"canonical":"https:\/\/www.footwepion.be\/index.php\/lecole-des-jeunes\/","og_locale":"fr_FR","og_type":"article","og_title":"L'\u00e9cole des jeunes - cswepion.be","og_description":"Tu as 5 ans ou plus et tu as envie de pratiquer le football? Alors, rejoins-nous au CS WEPION (Chemin du Bienvenu 1 \u00e0 5100 W\u00e9pion). Tu y d\u00e9couvriras: 3 surfaces de jeu 1 terrain synth\u00e9tique de superbes installations un club labellis\u00e9 1 \u00e9toile par l&rsquo;ACFF des formateurs dipl\u00f4m\u00e9s une \u00e9quipe d&rsquo;encadrement sympathique et dynamique Tu peux visiter notre site internet https:\/\/www.cswepion.be et y d\u00e9couvrir plein d&rsquo;infos sympas, des \u00e9v\u00e9nements futurs, des photos de nos stages &#8230; Tu peux aussi nous contacter par t\u00e9l\u00e9phone ou mail: &#8211; Coordinateur sportif: Sami ROELS (0472\/500 02 40 &#8211; roels.sami@hotmail.be) &#8211; Pour le comit\u00e9:...","og_url":"https:\/\/www.footwepion.be\/index.php\/lecole-des-jeunes\/","og_site_name":"cswepion.be","article_publisher":"https:\/\/www.facebook.com\/groups\/643727476030073","article_modified_time":"2025-01-21T23:09:12+00:00","og_image":[{"url":"https:\/\/www.footwepion.be\/wp-content\/uploads\/2020\/12\/download-1-150x150.jpg","type":"","width":"","height":""}],"twitter_card":"summary_large_image","twitter_misc":{"Dur\u00e9e de lecture estim\u00e9e":"1 minute"},"schema":{"@context":"https:\/\/schema.org","@graph":[{"@type":"WebPage","@id":"https:\/\/www.footwepion.be\/index.php\/lecole-des-jeunes\/","url":"https:\/\/www.footwepion.be\/index.php\/lecole-des-jeunes\/","name":"L'\u00e9cole des jeunes - cswepion.be","isPartOf":{"@id":"https:\/\/www.footwepion.be\/#website"},"primaryImageOfPage":{"@id":"https:\/\/www.footwepion.be\/index.php\/lecole-des-jeunes\/#primaryimage"},"image":{"@id":"https:\/\/www.footwepion.be\/index.php\/lecole-des-jeunes\/#primaryimage"},"thumbnailUrl":"https:\/\/www.footwepion.be\/wp-content\/uploads\/2020\/12\/download-1-150x150.jpg","datePublished":"2021-01-08T14:04:51+00:00","dateModified":"2025-01-21T23:09:12+00:00","breadcrumb":{"@id":"https:\/\/www.footwepion.be\/index.php\/lecole-des-jeunes\/#breadcrumb"},"inLanguage":"fr-FR","potentialAction":[{"@type":"ReadAction","target":["https:\/\/www.footwepion.be\/index.php\/lecole-des-jeunes\/"]}]},{"@type":"ImageObject","inLanguage":"fr-FR","@id":"https:\/\/www.footwepion.be\/index.php\/lecole-des-jeunes\/#primaryimage","url":"https:\/\/www.footwepion.be\/wp-content\/uploads\/2020\/12\/download-1-150x150.jpg","contentUrl":"https:\/\/www.footwepion.be\/wp-content\/uploads\/2020\/12\/download-1-150x150.jpg"},{"@type":"BreadcrumbList","@id":"https:\/\/www.footwepion.be\/index.php\/lecole-des-jeunes\/#breadcrumb","itemListElement":[{"@type":"ListItem","position":1,"name":"Accueil","item":"https:\/\/www.footwepion.be\/"},{"@type":"ListItem","position":2,"name":"L&rsquo;\u00e9cole des jeunes"}]},{"@type":"WebSite","@id":"https:\/\/www.footwepion.be\/#website","url":"https:\/\/www.footwepion.be\/","name":"CS W\u00e9pion","description":"","publisher":{"@id":"https:\/\/www.footwepion.be\/#organization"},"potentialAction":[{"@type":"SearchAction","target":{"@type":"EntryPoint","urlTemplate":"https:\/\/www.footwepion.be\/?s={search_term_string}"},"query-input":{"@type":"PropertyValueSpecification","valueRequired":true,"valueName":"search_term_string"}}],"inLanguage":"fr-FR"},{"@type":"Organization","@id":"https:\/\/www.footwepion.be\/#organization","name":"Cs W\u00e9pionnaise asbl","url":"https:\/\/www.footwepion.be\/","logo":{"@type":"ImageObject","inLanguage":"fr-FR","@id":"https:\/\/www.footwepion.be\/#\/schema\/logo\/image\/","url":"https:\/\/www.footwepion.be\/wp-content\/uploads\/2021\/01\/download-1.jpg","contentUrl":"https:\/\/www.footwepion.be\/wp-content\/uploads\/2021\/01\/download-1.jpg","width":225,"height":225,"caption":"Cs W\u00e9pionnaise asbl"},"image":{"@id":"https:\/\/www.footwepion.be\/#\/schema\/logo\/image\/"},"sameAs":["https:\/\/www.facebook.com\/groups\/643727476030073"]}]}},"_links":{"self":[{"href":"https:\/\/www.footwepion.be\/index.php\/wp-json\/wp\/v2\/pages\/1925","targetHints":{"allow":["GET"]}}],"collection":[{"href":"https:\/\/www.footwepion.be\/index.php\/wp-json\/wp\/v2\/pages"}],"about":[{"href":"https:\/\/www.footwepion.be\/index.php\/wp-json\/wp\/v2\/types\/page"}],"author":[{"embeddable":true,"href":"https:\/\/www.footwepion.be\/index.php\/wp-json\/wp\/v2\/users\/2"}],"replies":[{"embeddable":true,"href":"https:\/\/www.footwepion.be\/index.php\/wp-json\/wp\/v2\/comments?post=1925"}],"version-history":[{"count":17,"href":"https:\/\/www.footwepion.be\/index.php\/wp-json\/wp\/v2\/pages\/1925\/revisions"}],"predecessor-version":[{"id":4405,"href":"https:\/\/www.footwepion.be\/index.php\/wp-json\/wp\/v2\/pages\/1925\/revisions\/4405"}],"wp:attachment":[{"href":"https:\/\/www.footwepion.be\/index.php\/wp-json\/wp\/v2\/media?parent=1925"}],"curies":[{"name":"wp","href":"https:\/\/api.w.org\/{rel}","templated":true}]}}