{"id":862,"date":"2020-11-28T07:58:56","date_gmt":"2020-11-28T06:58:56","guid":{"rendered":"http:\/\/35.195.137.153\/?page_id=862"},"modified":"2025-06-27T14:25:03","modified_gmt":"2025-06-27T13:25:03","slug":"veterans","status":"publish","type":"page","link":"https:\/\/www.footwepion.be\/index.php\/veterans\/","title":{"rendered":"L&rsquo;\u00e9quipe v\u00e9t\u00e9rans"},"content":{"rendered":"<p><img decoding=\"async\" width=\"167\" height=\"234\" src=\"http:\/\/www.footwepion.be\/wp-content\/uploads\/2020\/11\/Inconnu.jpg\" alt=\"\" loading=\"lazy\" \/>\t\t\t\t\t\t\t\t\t\t\t\t\t\t<\/p>\n<h6><strong>Responsable :<\/strong>\u00a0Simon Palate<br \/><strong>Gsm :<\/strong> 0484\/07 32 55<br \/><strong>E-mail :<\/strong>\u00a0<\/h6>\n<h6>\u00a0<\/h6>\n<p>\u00a0\u00a0<\/p>\n","protected":false},"excerpt":{"rendered":"<p>Responsable :\u00a0Simon PalateGsm : 0484\/07 32 55E-mail :\u00a0 \u00a0 \u00a0\u00a0<\/p>\n","protected":false},"author":3,"featured_media":0,"parent":0,"menu_order":0,"comment_status":"closed","ping_status":"closed","template":"elementor_header_footer","meta":{"footnotes":""},"class_list":["post-862","page","type-page","status-publish","hentry"],"aioseo_notices":[],"yoast_head":"<!-- This site is optimized with the Yoast SEO plugin v24.2 - https:\/\/yoast.com\/wordpress\/plugins\/seo\/ -->\n<title>L&#039;\u00e9quipe v\u00e9t\u00e9rans - cswepion.be<\/title>\n<meta name=\"robots\" content=\"index, follow, max-snippet:-1, max-image-preview:large, max-video-preview:-1\" \/>\n<link rel=\"canonical\" href=\"https:\/\/www.footwepion.be\/index.php\/veterans\/\" \/>\n<meta property=\"og:locale\" content=\"fr_FR\" \/>\n<meta property=\"og:type\" content=\"article\" \/>\n<meta property=\"og:title\" content=\"L&#039;\u00e9quipe v\u00e9t\u00e9rans - cswepion.be\" \/>\n<meta property=\"og:description\" content=\"Responsable :\u00a0Simon PalateGsm : 0484\/07 32 55E-mail :\u00a0 \u00a0 \u00a0\u00a0\" \/>\n<meta property=\"og:url\" content=\"https:\/\/www.footwepion.be\/index.php\/veterans\/\" \/>\n<meta property=\"og:site_name\" content=\"cswepion.be\" \/>\n<meta property=\"article:publisher\" content=\"https:\/\/www.facebook.com\/groups\/643727476030073\" \/>\n<meta property=\"article:modified_time\" content=\"2025-06-27T13:25:03+00:00\" \/>\n<meta property=\"og:image\" content=\"http:\/\/www.footwepion.be\/wp-content\/uploads\/2020\/11\/Inconnu.jpg\" \/>\n<meta name=\"twitter:card\" content=\"summary_large_image\" \/>\n<meta name=\"twitter:label1\" content=\"Dur\u00e9e de lecture estim\u00e9e\" \/>\n\t<meta name=\"twitter:data1\" content=\"1 minute\" \/>\n<script type=\"application\/ld+json\" class=\"yoast-schema-graph\">{\"@context\":\"https:\/\/schema.org\",\"@graph\":[{\"@type\":\"WebPage\",\"@id\":\"https:\/\/www.footwepion.be\/index.php\/veterans\/\",\"url\":\"https:\/\/www.footwepion.be\/index.php\/veterans\/\",\"name\":\"L'\u00e9quipe v\u00e9t\u00e9rans - cswepion.be\",\"isPartOf\":{\"@id\":\"https:\/\/www.footwepion.be\/#website\"},\"primaryImageOfPage\":{\"@id\":\"https:\/\/www.footwepion.be\/index.php\/veterans\/#primaryimage\"},\"image\":{\"@id\":\"https:\/\/www.footwepion.be\/index.php\/veterans\/#primaryimage\"},\"thumbnailUrl\":\"http:\/\/www.footwepion.be\/wp-content\/uploads\/2020\/11\/Inconnu.jpg\",\"datePublished\":\"2020-11-28T06:58:56+00:00\",\"dateModified\":\"2025-06-27T13:25:03+00:00\",\"breadcrumb\":{\"@id\":\"https:\/\/www.footwepion.be\/index.php\/veterans\/#breadcrumb\"},\"inLanguage\":\"fr-FR\",\"potentialAction\":[{\"@type\":\"ReadAction\",\"target\":[\"https:\/\/www.footwepion.be\/index.php\/veterans\/\"]}]},{\"@type\":\"ImageObject\",\"inLanguage\":\"fr-FR\",\"@id\":\"https:\/\/www.footwepion.be\/index.php\/veterans\/#primaryimage\",\"url\":\"https:\/\/www.footwepion.be\/wp-content\/uploads\/2020\/11\/Inconnu.jpg\",\"contentUrl\":\"https:\/\/www.footwepion.be\/wp-content\/uploads\/2020\/11\/Inconnu.jpg\",\"width\":167,\"height\":234},{\"@type\":\"BreadcrumbList\",\"@id\":\"https:\/\/www.footwepion.be\/index.php\/veterans\/#breadcrumb\",\"itemListElement\":[{\"@type\":\"ListItem\",\"position\":1,\"name\":\"Accueil\",\"item\":\"https:\/\/www.footwepion.be\/\"},{\"@type\":\"ListItem\",\"position\":2,\"name\":\"L&rsquo;\u00e9quipe v\u00e9t\u00e9rans\"}]},{\"@type\":\"WebSite\",\"@id\":\"https:\/\/www.footwepion.be\/#website\",\"url\":\"https:\/\/www.footwepion.be\/\",\"name\":\"CS W\u00e9pion\",\"description\":\"\",\"publisher\":{\"@id\":\"https:\/\/www.footwepion.be\/#organization\"},\"potentialAction\":[{\"@type\":\"SearchAction\",\"target\":{\"@type\":\"EntryPoint\",\"urlTemplate\":\"https:\/\/www.footwepion.be\/?s={search_term_string}\"},\"query-input\":{\"@type\":\"PropertyValueSpecification\",\"valueRequired\":true,\"valueName\":\"search_term_string\"}}],\"inLanguage\":\"fr-FR\"},{\"@type\":\"Organization\",\"@id\":\"https:\/\/www.footwepion.be\/#organization\",\"name\":\"Cs W\u00e9pionnaise asbl\",\"url\":\"https:\/\/www.footwepion.be\/\",\"logo\":{\"@type\":\"ImageObject\",\"inLanguage\":\"fr-FR\",\"@id\":\"https:\/\/www.footwepion.be\/#\/schema\/logo\/image\/\",\"url\":\"https:\/\/www.footwepion.be\/wp-content\/uploads\/2021\/01\/download-1.jpg\",\"contentUrl\":\"https:\/\/www.footwepion.be\/wp-content\/uploads\/2021\/01\/download-1.jpg\",\"width\":225,\"height\":225,\"caption\":\"Cs W\u00e9pionnaise asbl\"},\"image\":{\"@id\":\"https:\/\/www.footwepion.be\/#\/schema\/logo\/image\/\"},\"sameAs\":[\"https:\/\/www.facebook.com\/groups\/643727476030073\"]}]}<\/script>\n<!-- \/ Yoast SEO plugin. -->","yoast_head_json":{"title":"L'\u00e9quipe v\u00e9t\u00e9rans - cswepion.be","robots":{"index":"index","follow":"follow","max-snippet":"max-snippet:-1","max-image-preview":"max-image-preview:large","max-video-preview":"max-video-preview:-1"},"canonical":"https:\/\/www.footwepion.be\/index.php\/veterans\/","og_locale":"fr_FR","og_type":"article","og_title":"L'\u00e9quipe v\u00e9t\u00e9rans - cswepion.be","og_description":"Responsable :\u00a0Simon PalateGsm : 0484\/07 32 55E-mail :\u00a0 \u00a0 \u00a0\u00a0","og_url":"https:\/\/www.footwepion.be\/index.php\/veterans\/","og_site_name":"cswepion.be","article_publisher":"https:\/\/www.facebook.com\/groups\/643727476030073","article_modified_time":"2025-06-27T13:25:03+00:00","og_image":[{"url":"http:\/\/www.footwepion.be\/wp-content\/uploads\/2020\/11\/Inconnu.jpg","type":"","width":"","height":""}],"twitter_card":"summary_large_image","twitter_misc":{"Dur\u00e9e de lecture estim\u00e9e":"1 minute"},"schema":{"@context":"https:\/\/schema.org","@graph":[{"@type":"WebPage","@id":"https:\/\/www.footwepion.be\/index.php\/veterans\/","url":"https:\/\/www.footwepion.be\/index.php\/veterans\/","name":"L'\u00e9quipe v\u00e9t\u00e9rans - cswepion.be","isPartOf":{"@id":"https:\/\/www.footwepion.be\/#website"},"primaryImageOfPage":{"@id":"https:\/\/www.footwepion.be\/index.php\/veterans\/#primaryimage"},"image":{"@id":"https:\/\/www.footwepion.be\/index.php\/veterans\/#primaryimage"},"thumbnailUrl":"http:\/\/www.footwepion.be\/wp-content\/uploads\/2020\/11\/Inconnu.jpg","datePublished":"2020-11-28T06:58:56+00:00","dateModified":"2025-06-27T13:25:03+00:00","breadcrumb":{"@id":"https:\/\/www.footwepion.be\/index.php\/veterans\/#breadcrumb"},"inLanguage":"fr-FR","potentialAction":[{"@type":"ReadAction","target":["https:\/\/www.footwepion.be\/index.php\/veterans\/"]}]},{"@type":"ImageObject","inLanguage":"fr-FR","@id":"https:\/\/www.footwepion.be\/index.php\/veterans\/#primaryimage","url":"https:\/\/www.footwepion.be\/wp-content\/uploads\/2020\/11\/Inconnu.jpg","contentUrl":"https:\/\/www.footwepion.be\/wp-content\/uploads\/2020\/11\/Inconnu.jpg","width":167,"height":234},{"@type":"BreadcrumbList","@id":"https:\/\/www.footwepion.be\/index.php\/veterans\/#breadcrumb","itemListElement":[{"@type":"ListItem","position":1,"name":"Accueil","item":"https:\/\/www.footwepion.be\/"},{"@type":"ListItem","position":2,"name":"L&rsquo;\u00e9quipe v\u00e9t\u00e9rans"}]},{"@type":"WebSite","@id":"https:\/\/www.footwepion.be\/#website","url":"https:\/\/www.footwepion.be\/","name":"CS W\u00e9pion","description":"","publisher":{"@id":"https:\/\/www.footwepion.be\/#organization"},"potentialAction":[{"@type":"SearchAction","target":{"@type":"EntryPoint","urlTemplate":"https:\/\/www.footwepion.be\/?s={search_term_string}"},"query-input":{"@type":"PropertyValueSpecification","valueRequired":true,"valueName":"search_term_string"}}],"inLanguage":"fr-FR"},{"@type":"Organization","@id":"https:\/\/www.footwepion.be\/#organization","name":"Cs W\u00e9pionnaise asbl","url":"https:\/\/www.footwepion.be\/","logo":{"@type":"ImageObject","inLanguage":"fr-FR","@id":"https:\/\/www.footwepion.be\/#\/schema\/logo\/image\/","url":"https:\/\/www.footwepion.be\/wp-content\/uploads\/2021\/01\/download-1.jpg","contentUrl":"https:\/\/www.footwepion.be\/wp-content\/uploads\/2021\/01\/download-1.jpg","width":225,"height":225,"caption":"Cs W\u00e9pionnaise asbl"},"image":{"@id":"https:\/\/www.footwepion.be\/#\/schema\/logo\/image\/"},"sameAs":["https:\/\/www.facebook.com\/groups\/643727476030073"]}]}},"_links":{"self":[{"href":"https:\/\/www.footwepion.be\/index.php\/wp-json\/wp\/v2\/pages\/862","targetHints":{"allow":["GET"]}}],"collection":[{"href":"https:\/\/www.footwepion.be\/index.php\/wp-json\/wp\/v2\/pages"}],"about":[{"href":"https:\/\/www.footwepion.be\/index.php\/wp-json\/wp\/v2\/types\/page"}],"author":[{"embeddable":true,"href":"https:\/\/www.footwepion.be\/index.php\/wp-json\/wp\/v2\/users\/3"}],"replies":[{"embeddable":true,"href":"https:\/\/www.footwepion.be\/index.php\/wp-json\/wp\/v2\/comments?post=862"}],"version-history":[{"count":27,"href":"https:\/\/www.footwepion.be\/index.php\/wp-json\/wp\/v2\/pages\/862\/revisions"}],"predecessor-version":[{"id":4386,"href":"https:\/\/www.footwepion.be\/index.php\/wp-json\/wp\/v2\/pages\/862\/revisions\/4386"}],"wp:attachment":[{"href":"https:\/\/www.footwepion.be\/index.php\/wp-json\/wp\/v2\/media?parent=862"}],"curies":[{"name":"wp","href":"https:\/\/api.w.org\/{rel}","templated":true}]}}